{"id":2969,"date":"2022-06-15T12:53:09","date_gmt":"2022-06-15T12:53:09","guid":{"rendered":"https:\/\/www.hiley.pl\/?post_type=product&#038;p=2969"},"modified":"2025-11-20T11:13:51","modified_gmt":"2025-11-20T10:13:51","slug":"brake-pads-for-hiley-tiger-10-and-9-pro","status":"publish","type":"product","link":"https:\/\/www.hiley.eu\/pl\/p\/brake-pads-for-hiley-tiger-10-and-9-pro\/","title":{"rendered":"Klocki hamulcowe do Hiley Tiger 10 i 9 PRO"},"content":{"rendered":"<p><\/p>\n<h2>Klocki hamulca ty\u0142 do hulajn\u00f3g elektrycznych marki Hiley.<\/h2>\n<p>W komplecie para (2szt)<\/p>\n<p>Pasuj\u0105 do modeli:<\/p>\n<ul>\n<li>Hiley Tiger 9 PRO<\/li>\n<li>Hiley Tiger 10<\/li>\n<\/ul>\n<p><\/p>","protected":false},"excerpt":{"rendered":"<p>Klocki hamulca ty\u0142 do hulajn\u00f3g elektrycznych marki Hiley. W komplecie para (2szt) Pasuj\u0105 do modeli: Hiley Tiger 9 PRO Hiley Tiger 10<\/p>\n","protected":false},"featured_media":3239,"template":"","meta":{"_seopress_robots_primary_cat":"none","_seopress_titles_title":"","_seopress_titles_desc":"","_seopress_robots_index":""},"product_brand":[],"product_cat":[103],"product_tag":[],"class_list":{"0":"post-2969","1":"product","2":"type-product","3":"status-publish","4":"has-post-thumbnail","6":"product_cat-replacement-parts","8":"first","9":"instock","10":"taxable","11":"shipping-taxable","12":"purchasable","13":"product-type-simple"},"wcpa_form_fields":null,"_links":{"self":[{"href":"https:\/\/www.hiley.eu\/pl\/wp-json\/wp\/v2\/product\/2969","targetHints":{"allow":["GET"]}}],"collection":[{"href":"https:\/\/www.hiley.eu\/pl\/wp-json\/wp\/v2\/product"}],"about":[{"href":"https:\/\/www.hiley.eu\/pl\/wp-json\/wp\/v2\/types\/product"}],"wp:featuredmedia":[{"embeddable":true,"href":"https:\/\/www.hiley.eu\/pl\/wp-json\/wp\/v2\/media\/3239"}],"wp:attachment":[{"href":"https:\/\/www.hiley.eu\/pl\/wp-json\/wp\/v2\/media?parent=2969"}],"wp:term":[{"taxonomy":"product_brand","embeddable":true,"href":"https:\/\/www.hiley.eu\/pl\/wp-json\/wp\/v2\/product_brand?post=2969"},{"taxonomy":"product_cat","embeddable":true,"href":"https:\/\/www.hiley.eu\/pl\/wp-json\/wp\/v2\/product_cat?post=2969"},{"taxonomy":"product_tag","embeddable":true,"href":"https:\/\/www.hiley.eu\/pl\/wp-json\/wp\/v2\/product_tag?post=2969"}],"curies":[{"name":"wp","href":"https:\/\/api.w.org\/{rel}","templated":true}]}}