{"id":2972,"date":"2022-06-15T12:57:27","date_gmt":"2022-06-15T12:57:27","guid":{"rendered":"https:\/\/www.hiley.pl\/?post_type=product&#038;p=2972"},"modified":"2024-02-19T08:45:11","modified_gmt":"2024-02-19T08:45:11","slug":"mode-switch-for-hiley-tiger","status":"publish","type":"product","link":"https:\/\/www.hiley.eu\/pl\/p\/mode-switch-for-hiley-tiger\/","title":{"rendered":"Prze\u0142\u0105cznik tryb\u00f3w do Hiley Tiger"},"content":{"rendered":"<p><\/p>\n<h2>Prze\u0142\u0105cznik tryb\u00f3w do hulajn\u00f3g elektrycznych marki Hiley.<\/h2>\n<p>Pasuje do modeli:<\/p>\n<ul>\n<li>Hiley Tiger 9<\/li>\n<li>Hiley Tiger 9 PRO<\/li>\n<\/ul>\n<p><\/p>","protected":false},"excerpt":{"rendered":"<p>Prze\u0142\u0105cznik tryb\u00f3w do hulajn\u00f3g elektrycznych marki Hiley. Pasuje do modeli: Hiley Tiger 9 Hiley Tiger 9 PRO<\/p>\n","protected":false},"featured_media":3238,"template":"","meta":{"_seopress_robots_primary_cat":"none","_seopress_titles_title":"","_seopress_titles_desc":"","_seopress_robots_index":""},"product_brand":[],"product_cat":[103],"product_tag":[],"class_list":{"0":"post-2972","1":"product","2":"type-product","3":"status-publish","4":"has-post-thumbnail","6":"product_cat-replacement-parts","8":"first","9":"outofstock","10":"taxable","11":"shipping-taxable","12":"purchasable","13":"product-type-simple"},"wcpa_form_fields":null,"_links":{"self":[{"href":"https:\/\/www.hiley.eu\/pl\/wp-json\/wp\/v2\/product\/2972","targetHints":{"allow":["GET"]}}],"collection":[{"href":"https:\/\/www.hiley.eu\/pl\/wp-json\/wp\/v2\/product"}],"about":[{"href":"https:\/\/www.hiley.eu\/pl\/wp-json\/wp\/v2\/types\/product"}],"wp:featuredmedia":[{"embeddable":true,"href":"https:\/\/www.hiley.eu\/pl\/wp-json\/wp\/v2\/media\/3238"}],"wp:attachment":[{"href":"https:\/\/www.hiley.eu\/pl\/wp-json\/wp\/v2\/media?parent=2972"}],"wp:term":[{"taxonomy":"product_brand","embeddable":true,"href":"https:\/\/www.hiley.eu\/pl\/wp-json\/wp\/v2\/product_brand?post=2972"},{"taxonomy":"product_cat","embeddable":true,"href":"https:\/\/www.hiley.eu\/pl\/wp-json\/wp\/v2\/product_cat?post=2972"},{"taxonomy":"product_tag","embeddable":true,"href":"https:\/\/www.hiley.eu\/pl\/wp-json\/wp\/v2\/product_tag?post=2972"}],"curies":[{"name":"wp","href":"https:\/\/api.w.org\/{rel}","templated":true}]}}