{"id":2980,"date":"2022-06-15T13:29:15","date_gmt":"2022-06-15T12:29:15","guid":{"rendered":"https:\/\/www.hiley.pl\/?post_type=product&#038;p=2980"},"modified":"2024-12-12T13:39:42","modified_gmt":"2024-12-12T12:39:42","slug":"nozka-do-hiley-tiger-8","status":"publish","type":"product","link":"https:\/\/www.hiley.eu\/pl\/p\/nozka-do-hiley-tiger-8\/","title":{"rendered":"N\u00f3\u017cka do Hiley Tiger 8"},"content":{"rendered":"<p><\/p>\n<h2>N\u00f3\u017cka do hulajn\u00f3g elektrycznych marki Hiley<\/h2>\n<p>Pasuje do modeli:<\/p>\n<ul>\n<li>Hiley Tiger 8<\/li>\n<\/ul>\n<p><\/p>","protected":false},"excerpt":{"rendered":"<p>N\u00f3\u017cka do hulajn\u00f3g elektrycznych marki Hiley Pasuje do modeli: Hiley Tiger 8<\/p>\n","protected":false},"featured_media":3260,"template":"","meta":{"_seopress_robots_primary_cat":"none","_seopress_titles_title":"","_seopress_titles_desc":"","_seopress_robots_index":""},"product_brand":[],"product_cat":[103],"product_tag":[],"class_list":{"0":"post-2980","1":"product","2":"type-product","3":"status-publish","4":"has-post-thumbnail","6":"product_cat-replacement-parts","8":"first","9":"instock","10":"taxable","11":"shipping-taxable","12":"purchasable","13":"product-type-simple"},"wcpa_form_fields":null,"_links":{"self":[{"href":"https:\/\/www.hiley.eu\/pl\/wp-json\/wp\/v2\/product\/2980","targetHints":{"allow":["GET"]}}],"collection":[{"href":"https:\/\/www.hiley.eu\/pl\/wp-json\/wp\/v2\/product"}],"about":[{"href":"https:\/\/www.hiley.eu\/pl\/wp-json\/wp\/v2\/types\/product"}],"wp:featuredmedia":[{"embeddable":true,"href":"https:\/\/www.hiley.eu\/pl\/wp-json\/wp\/v2\/media\/3260"}],"wp:attachment":[{"href":"https:\/\/www.hiley.eu\/pl\/wp-json\/wp\/v2\/media?parent=2980"}],"wp:term":[{"taxonomy":"product_brand","embeddable":true,"href":"https:\/\/www.hiley.eu\/pl\/wp-json\/wp\/v2\/product_brand?post=2980"},{"taxonomy":"product_cat","embeddable":true,"href":"https:\/\/www.hiley.eu\/pl\/wp-json\/wp\/v2\/product_cat?post=2980"},{"taxonomy":"product_tag","embeddable":true,"href":"https:\/\/www.hiley.eu\/pl\/wp-json\/wp\/v2\/product_tag?post=2980"}],"curies":[{"name":"wp","href":"https:\/\/api.w.org\/{rel}","templated":true}]}}